{"id":84,"date":"2023-04-03T19:28:33","date_gmt":"2023-04-03T17:28:33","guid":{"rendered":"https:\/\/consolatozurigo.esteri.it\/?page_id=84"},"modified":"2025-01-24T13:47:08","modified_gmt":"2025-01-24T12:47:08","slug":"emergency-travel-documents-etd","status":"publish","type":"page","link":"https:\/\/conslagos.esteri.it\/it\/servizi-consolari-e-visti\/servizi-per-il-cittadino-italiano\/emergency-travel-documents-etd\/","title":{"rendered":"Documento di viaggio provvisorio &#8211; ETD"},"content":{"rendered":"<div class=\"row\">\n<div><\/div>\n<div class=\"col-md-6 col-sm-12 col-xs-24\" style=\"text-align: justify;\"><span style=\"color: #000000; text-align: justify;\">In situazioni di emergenza, ad esempio in caso di smarrimento o furto del passaporto con necessit\u00e0 di rientrare tempestivamente in Italia, l\u2019Ufficio consolare del Consolato Generale pu\u00f2 rilasciare un <\/span><strong style=\"color: #000000; text-align: justify;\">documento provvisorio di viaggio (E.T.D. &#8211; Emergency Travel Document). L\u2019E.T.D. vale solo<\/strong><span style=\"color: #000000; text-align: justify;\">\u00a0per il viaggio di rientro in Italia o nel Paese di residenza abituale (solo in casi eccezionali pu\u00f2 essere rilasciato per una diversa destinazione), la cui validit\u00e0 \u00e8 limitata al tempo strettamente necessario per raggiungere la destinazione finale del viaggio.<\/span><\/div>\n<\/div>\n<div>\n<p style=\"text-align: justify;\"><span style=\"color: #000000;\">Per ottenere il documento, occorre presentarsi al Consolato Generale con la seguente documentazione:<\/span><\/p>\n<ul style=\"text-align: justify;\">\n<li><span style=\"color: #000000;\">2 fotografie (formato 4&#215;4 cm, frontali, con sfondo bianco),<\/span><\/li>\n<li><span style=\"color: #000000;\">altro documento di identit\u00e0 quale carta di identit\u00e0 o patente (anche in fotocopia) o fotocopia del passaporto rubato\/smarrito. In assenza, l\u2019ufficio consolare dovr\u00e0 procedere agli opportuni accertamenti di identit\u00e0 prima di procedere al rilascio dell\u2019<strong>ETD<\/strong>.<\/span><\/li>\n<\/ul>\n<p style=\"text-align: justify;\"><span style=\"color: #000000;\">E\u2019 opportuno presentare la denuncia di furto o smarrimento del passaporto anche alle locali Autorit\u00e0 di Polizia, ai fini di facilitare il transito alla frontiera.<\/span><\/p>\n<p style=\"text-align: justify;\"><span style=\"color: #000000;\">Si consiglia vivamente di conservare, in un luogo diverso da quello in cui vengono custoditi i documenti originali, una fotocopia dei documenti pi\u00f9 importanti (passaporto, carta d&#8217;identit\u00e0, carta di credito) per facilitare le procedure di assistenza in caso di furto o smarrimento.<\/span><\/p>\n<p style=\"text-align: justify;\"><span style=\"color: #000000;\">L\u2019<strong>ETD<\/strong> pu\u00f2 essere rilasciato anche a cittadini di altri Paesi membri dell\u2019Unione europea previa acquisizione dell\u2019autorizzazione formale da parte della competente rappresentanza diplomatico-consolare o del Ministero degli Esteri del Paese di appartenenza del richiedente.<\/span><\/p>\n<p style=\"text-align: justify;\"><span style=\"color: #000000;\">Per maggiori informazioni,\u00a0<\/span><span style=\"color: #0000ff;\"><strong><a style=\"color: #0000ff;\" href=\"https:\/\/www.esteri.it\/it\/servizi-consolari-e-visti\/italiani-all-estero\/documenti_di_viaggio\/etd\/\">cliccare qui<\/a><\/strong><\/span><\/p>\n<\/div>\n","protected":false},"excerpt":{"rendered":"In situazioni di emergenza, ad esempio in caso di smarrimento o furto del passaporto con necessit\u00e0 di rientrare tempestivamente in Italia, l\u2019Ufficio consolare del Consolato Generale pu\u00f2 rilasciare un documento provvisorio di viaggio (E.T.D. &#8211; Emergency Travel Document). L\u2019E.T.D. vale solo\u00a0per il viaggio di rientro in Italia o nel Paese di residenza abituale (solo in [&hellip;]","protected":false},"author":1,"featured_media":0,"parent":59,"menu_order":6,"comment_status":"closed","ping_status":"closed","template":"","meta":{"footnotes":""},"class_list":["post-84","page","type-page","status-publish","hentry"],"_links":{"self":[{"href":"https:\/\/conslagos.esteri.it\/it\/wp-json\/wp\/v2\/pages\/84","targetHints":{"allow":["GET"]}}],"collection":[{"href":"https:\/\/conslagos.esteri.it\/it\/wp-json\/wp\/v2\/pages"}],"about":[{"href":"https:\/\/conslagos.esteri.it\/it\/wp-json\/wp\/v2\/types\/page"}],"author":[{"embeddable":true,"href":"https:\/\/conslagos.esteri.it\/it\/wp-json\/wp\/v2\/users\/1"}],"replies":[{"embeddable":true,"href":"https:\/\/conslagos.esteri.it\/it\/wp-json\/wp\/v2\/comments?post=84"}],"version-history":[{"count":6,"href":"https:\/\/conslagos.esteri.it\/it\/wp-json\/wp\/v2\/pages\/84\/revisions"}],"predecessor-version":[{"id":1269,"href":"https:\/\/conslagos.esteri.it\/it\/wp-json\/wp\/v2\/pages\/84\/revisions\/1269"}],"up":[{"embeddable":true,"href":"https:\/\/conslagos.esteri.it\/it\/wp-json\/wp\/v2\/pages\/59"}],"wp:attachment":[{"href":"https:\/\/conslagos.esteri.it\/it\/wp-json\/wp\/v2\/media?parent=84"}],"curies":[{"name":"wp","href":"https:\/\/api.w.org\/{rel}","templated":true}]}}