{"id":782,"date":"2023-11-27T12:58:55","date_gmt":"2023-11-27T11:58:55","guid":{"rendered":"https:\/\/conslagos.esteri.it\/?page_id=782"},"modified":"2023-11-27T13:00:16","modified_gmt":"2023-11-27T12:00:16","slug":"studiare-in-italia","status":"publish","type":"page","link":"https:\/\/conslagos.esteri.it\/it\/italia-e-nigeria\/diplomazia-culturale\/studiare-in-italia\/","title":{"rendered":"Studiare in Italia"},"content":{"rendered":"<div class=\"sr-only\"><strong>Equipollenza dei Titoli di Studio<\/strong><\/div>\n<div>\n<p style=\"text-align: justify;\">I titoli di studio stranieri non sono automaticamente riconosciuti in Italia. L&#8217;equipollenza \u00e8 il procedimento con cui un diploma conseguito all&#8217;estero viene dichiarato corrispondente ad uno specifico titolo conseguibile in Italia. Questo significa che il diploma \u00e8 valido ed \u00e8 riconosciuto sul territorio nazionale.<\/p>\n<p style=\"text-align: justify;\">Nel caso non esistano accordi bilaterali o multilaterali specifici le procedure necessarie sono le seguenti.<\/p>\n<p style=\"text-align: justify;\">Gli interessati al riconoscimento di un titolo di studio riferito a diplomi di scuola secondaria di I e II grado devono presentare domanda di equipollenza all&#8217;Ufficio scolastico della provincia di residenza, o all\u2019Universit\u00e0 per i titoli universitari.<\/p>\n<p style=\"text-align: justify;\">I cittadini italiani interessati al riconoscimento dell\u2019eguaglianza di valore e di efficacia (&#8220;equipollenza&#8221;) dei propri titoli di studio stranieri (conseguiti in Istituti di istruzione ufficialmente riconosciuti) ai corrispondenti titoli di studio italiani, dopo aver richiesto all\u2019Ufficio studenti del Consolato l\u2019emissione della &#8220;Dichiarazione di valore&#8221;, si devono rivolgere direttamente ad un Provveditorato agli Studi italiano o all\u2019Universit\u00e0.<\/p>\n<p style=\"text-align: justify;\">I cittadini non italiani invece devono presentare la domanda tramite l\u2019Ufficio studenti del Consolato.<\/p>\n<p style=\"text-align: justify;\">I titoli scolastici ottenuti all\u2019estero, una volta dichiarati equipollenti ai titoli italiani di corrispondente valore (terza media, diploma di scuola media superiore o laurea), hanno in Italia valore legale; questo significa, ad esempio, che la persona in possesso della cittadinanza italiana ha diritto a partecipare ai concorsi banditi dalla Pubblica Amministrazione italiana. I documenti che \u00e8 necessario presentare in Consolato per richiedere la dichiarazione di valore e l\u2019equipollenza del titolo di studio sono:<\/p>\n<p style=\"text-align: justify;\">diploma o certificato in originale o debitamente reso ufficiale, munito del sigillo o del timbro a secco della scuola o dell\u2019istituzione universitaria e firmato in modo leggibile dal funzionario addetto; Copia conforme del diploma legalizzato dal Ministero Affari Esteri del paese in cui il diploma \u00e8 stato rilasciato (o ufficio con le stesse competenze in Italia). Viene legalizzata la firma dell\u2019autorit\u00e0 che ha firmato il diploma Attestato di autenticit\u00e0 del diploma, in originale, legalizzato dal Ministero Affari Esteri del paese in cui il diploma \u00e8 stato rilasciato (o ufficio con le stesse competenze in Italia) traduzione dei due documenti in italiano, fedele e conforme al testo originale. La traduzione pu\u00f2 essere eseguita dall\u2019interessato o da un traduttore; il Consolato pu\u00f2 riservarsi l\u2019approvazione delle traduzioni esibite dal richiedente Domanda a firma dell&#8217;interessato, in cui si specifica il motivo della richiesta di rilascio della dichiarazione di valore.<\/p>\n<p style=\"text-align: justify;\"><strong>Dichiarazione di valore<\/strong><\/p>\n<p style=\"text-align: justify;\">Gli stranieri e gli italiani residenti all\u2019estero possono accedere alle Universit\u00e0 italiane presentando al Consolato una domanda che deve essere corredata dalla documentazione prescritta. Questa documentazione deve essere approvata dalle competenti Autorit\u00e0 italiane, in base alla valutazione dei titoli di studio conseguiti all\u2019estero. L\u2019Ufficio studenti del Consolato deve inoltre accertare e certificare che i titoli di studio di scuola media superiore consentono l\u2019ammissione ai corsi universitari nell\u2019ordinamento del Paese nel quale sono stati conseguiti (&#8220;Dichiarazione di valore&#8221;).<\/p>\n<p style=\"text-align: justify;\">Per maggior informazioni,\u00a0<a href=\"https:\/\/www.esteri.it\/it\/diplomazia-culturale-e-diplomazia-scientifica\/cultura\/universita\/riconoscimento_titoli_studio\/\"><strong>cliccare qui<\/strong><\/a><\/p>\n<p style=\"text-align: justify;\"><strong>Cooperazione culturale &#8211; Studiare in Italia<\/strong><\/p>\n<p style=\"text-align: justify;\">visita la pagina\u00a0<strong><a href=\"https:\/\/www.universitaly.it\/index.php\/#null\">UNIVERSITALY<\/a><\/strong><\/p>\n<\/div>\n","protected":false},"excerpt":{"rendered":"Equipollenza dei Titoli di Studio I titoli di studio stranieri non sono automaticamente riconosciuti in Italia. L&#8217;equipollenza \u00e8 il procedimento con cui un diploma conseguito all&#8217;estero viene dichiarato corrispondente ad uno specifico titolo conseguibile in Italia. Questo significa che il diploma \u00e8 valido ed \u00e8 riconosciuto sul territorio nazionale. Nel caso non esistano accordi bilaterali [&hellip;]","protected":false},"author":10,"featured_media":0,"parent":41,"menu_order":3,"comment_status":"closed","ping_status":"closed","template":"","meta":{"footnotes":""},"class_list":["post-782","page","type-page","status-publish","hentry"],"_links":{"self":[{"href":"https:\/\/conslagos.esteri.it\/it\/wp-json\/wp\/v2\/pages\/782","targetHints":{"allow":["GET"]}}],"collection":[{"href":"https:\/\/conslagos.esteri.it\/it\/wp-json\/wp\/v2\/pages"}],"about":[{"href":"https:\/\/conslagos.esteri.it\/it\/wp-json\/wp\/v2\/types\/page"}],"author":[{"embeddable":true,"href":"https:\/\/conslagos.esteri.it\/it\/wp-json\/wp\/v2\/users\/10"}],"replies":[{"embeddable":true,"href":"https:\/\/conslagos.esteri.it\/it\/wp-json\/wp\/v2\/comments?post=782"}],"version-history":[{"count":2,"href":"https:\/\/conslagos.esteri.it\/it\/wp-json\/wp\/v2\/pages\/782\/revisions"}],"predecessor-version":[{"id":786,"href":"https:\/\/conslagos.esteri.it\/it\/wp-json\/wp\/v2\/pages\/782\/revisions\/786"}],"up":[{"embeddable":true,"href":"https:\/\/conslagos.esteri.it\/it\/wp-json\/wp\/v2\/pages\/41"}],"wp:attachment":[{"href":"https:\/\/conslagos.esteri.it\/it\/wp-json\/wp\/v2\/media?parent=782"}],"curies":[{"name":"wp","href":"https:\/\/api.w.org\/{rel}","templated":true}]}}