{"id":37,"date":"2023-04-03T19:15:59","date_gmt":"2023-04-03T17:15:59","guid":{"rendered":"https:\/\/consolatozurigo.esteri.it\/?page_id=37"},"modified":"2025-09-25T15:16:54","modified_gmt":"2025-09-25T13:16:54","slug":"contatti","status":"publish","type":"page","link":"https:\/\/conslagos.esteri.it\/it\/chi-siamo\/contatti\/","title":{"rendered":"Contatti"},"content":{"rendered":"<p style=\"text-align: justify;\">Il Consolato osserva il seguente orario di apertura al pubblico; per informazioni \u00e8 possibile chiamare il numero relativo negli orari indicati oppure inviare una e-mail:<\/p>\n<table class=\"table\" style=\"height: 500px;\" border=\"0\" width=\"901\">\n<tbody>\n<tr>\n<td>\n<h6 style=\"text-align: left;\"><em><strong>CHI<\/strong><\/em><\/h6>\n<\/td>\n<td style=\"text-align: left;\">\n<h6><em><strong>QUANDO<\/strong><\/em><\/h6>\n<\/td>\n<td style=\"text-align: left;\">\n<h6><em><strong>\u00a0ORARIO\u00a0 \u00a0 \u00a0 \u00a0 \u00a0\u00a0<\/strong><\/em><\/h6>\n<\/td>\n<td style=\"text-align: left;\">\n<h6><em><strong>TELEFONO\u00a0<\/strong><\/em><\/h6>\n<\/td>\n<td>\n<h6 style=\"text-align: left;\"><em><strong>E-MAIL<\/strong><\/em><\/h6>\n<\/td>\n<\/tr>\n<tr>\n<td><strong>Ufficio visti<\/strong><\/td>\n<td>luned\u00ec, marted\u00ec,<\/p>\n<p>gioved\u00ec, venerd\u00ec<\/td>\n<td>dalle 9:00<\/p>\n<p>alle 12:00<\/td>\n<td><span style=\"color: #008000;\"><strong>00234 (0)201 465 6728<\/strong><\/span><\/p>\n<p><span style=\"color: #008000;\"><strong>00234 (0)201 465 6727<\/strong><\/span><\/td>\n<td><strong><a href=\"mailto:lagos.visa@esteri.it\">lagos.visa@esteri.it<\/a><\/strong><\/td>\n<\/tr>\n<tr>\n<td><strong>Ufficio consolare<\/strong><\/p>\n<p>\/passaporti<\/td>\n<td>da luned\u00ec<\/p>\n<p>a venerd\u00ec<\/td>\n<td>dalle 9:00<\/p>\n<p>alle 12:00<\/td>\n<td><span style=\"color: #008000;\"><strong>00234 (0)201 465 6725<\/strong><\/span><\/p>\n<p><span style=\"color: #008000;\"><strong>00234 (0)201 465 6726<\/strong><\/span><\/td>\n<td><strong><a href=\"mailto:lagos.consolare@esteri.it\">lagos.consolare@esteri.it<\/a>\u00a0<\/strong><\/td>\n<\/tr>\n<tr>\n<td><strong>Ufficio consolare<\/strong><\/p>\n<p>\/AIRE, stato civile<\/td>\n<td>da luned\u00ec<\/p>\n<p>a venerd\u00ec<\/td>\n<td>dalle 9:00<\/p>\n<p>alle 12:00<\/td>\n<td><span style=\"color: #008000;\"><strong>00234 (0)201 465 6725<\/strong><\/span><\/p>\n<p><span style=\"color: #008000;\"><strong>00234 (0)201 465 6726\u00a0 \u00a0<\/strong><\/span><strong>\u00a0 \u00a0 \u00a0<\/strong><\/td>\n<td><strong><a href=\"mailto:lagos.consolare@esteri.it\">lagos.consolare@esteri.it<\/a><\/strong><\/td>\n<\/tr>\n<tr>\n<td><strong>Ufficio consolare<\/strong><\/p>\n<p><strong>\/<\/strong>Legalizzazioni<\/td>\n<td>da luned\u00ec<\/p>\n<p>a gioved\u00ec<\/td>\n<td>dalle 9:00<\/p>\n<p>alle 12:00<\/td>\n<td><span style=\"color: #008000;\"><strong>00234 (0)201 465 6725<\/strong><\/span><\/p>\n<p><span style=\"color: #008000;\"><strong>00234 (0)201 465 6726<\/strong><\/span><\/td>\n<td><strong><a href=\"mailto:lagos.consolare@esteri.it\">lagos.consolare@esteri.it<\/a>\u00a0<\/strong><\/td>\n<\/tr>\n<tr>\n<td><strong>Ufficio consolare<\/strong><\/p>\n<p><strong>\/<\/strong>Codici Fiscali,<\/p>\n<p>PIN Agenzia delle Entrate<\/td>\n<td>da luned\u00ec<\/p>\n<p>a venerd\u00ec<\/td>\n<td>dalle 9:00<\/p>\n<p>alle 12:00<\/td>\n<td><span style=\"color: #008000;\"><strong>00234 (0)201 465 6725<\/strong><\/span><\/p>\n<p><span style=\"color: #008000;\"><strong>00234 (0)201 465 6726<\/strong><\/span><\/td>\n<td><strong><a href=\"mailto:lagos.consolare@esteri.it\">lagos.consolare@esteri.it<\/a>\u00a0<\/strong><\/td>\n<\/tr>\n<\/tbody>\n<\/table>\n<p>&nbsp;<\/p>\n<table class=\"table\">\n<tbody>\n<tr>\n<td><strong>\u00a0<\/strong><strong>CHI<\/strong><strong>\u00a0\u00a0\u00a0\u00a0\u00a0\u00a0\u00a0\u00a0\u00a0\u00a0\u00a0\u00a0\u00a0\u00a0\u00a0\u00a0\u00a0\u00a0\u00a0\u00a0\u00a0\u00a0\u00a0\u00a0\u00a0\u00a0\u00a0\u00a0\u00a0\u00a0\u00a0\u00a0\u00a0\u00a0\u00a0\u00a0\u00a0\u00a0\u00a0\u00a0\u00a0\u00a0\u00a0\u00a0\u00a0\u00a0\u00a0\u00a0\u00a0\u00a0\u00a0\u00a0\u00a0\u00a0\u00a0<\/strong><\/td>\n<td><strong>\u00a0<\/strong><strong>TELEFONO<\/strong><strong>\u00a0\u00a0\u00a0\u00a0\u00a0\u00a0\u00a0\u00a0\u00a0\u00a0\u00a0\u00a0\u00a0\u00a0\u00a0\u00a0\u00a0\u00a0\u00a0\u00a0\u00a0\u00a0<\/strong><\/td>\n<td><strong>\u00a0<\/strong><strong>EMAIL<\/strong><strong>\u00a0\u00a0\u00a0\u00a0\u00a0\u00a0\u00a0\u00a0\u00a0\u00a0\u00a0\u00a0\u00a0\u00a0\u00a0\u00a0\u00a0\u00a0\u00a0\u00a0\u00a0\u00a0\u00a0\u00a0\u00a0\u00a0\u00a0\u00a0\u00a0\u00a0\u00a0\u00a0\u00a0\u00a0\u00a0\u00a0\u00a0\u00a0\u00a0\u00a0\u00a0<\/strong><\/td>\n<\/tr>\n<tr>\n<td><strong>Segreteria del Console Generale<\/strong><\/td>\n<td><strong><span style=\"color: #008000;\">00234 (0)201 465 6722\u00a0 \u00a0<\/span><\/strong><\/td>\n<td><strong><a href=\"mailto:segreteria.lagos@esteri.it\">segreteria.lagos@esteri.it<\/a><\/strong><\/td>\n<\/tr>\n<tr>\n<td><strong>Ufficio Amministrazione\/Contabilit\u00e0<\/strong><\/td>\n<td><strong><span style=\"color: #008000;\">00234 (0)201 465 6723<\/span><\/strong><\/td>\n<td><strong><a href=\"mailto:lagos.cont@esteri.it\">lagos.cont@esteri.it<\/a><\/strong><\/td>\n<\/tr>\n<tr>\n<td><strong>Ufficio Commerciale ICE<\/strong><\/td>\n<td><\/td>\n<td><strong><a href=\"mailto:lagos@ice.it\">lagos@ice.it<\/a><\/strong>, sito web:\u00a0<strong><a href=\"http:\/\/www.ice.it\/\">www.ice.it<\/a><\/strong><\/td>\n<\/tr>\n<\/tbody>\n<\/table>\n<p>&nbsp;<\/p>\n","protected":false},"excerpt":{"rendered":"Il Consolato osserva il seguente orario di apertura al pubblico; per informazioni \u00e8 possibile chiamare il numero relativo negli orari indicati oppure inviare una e-mail: CHI QUANDO \u00a0ORARIO\u00a0 \u00a0 \u00a0 \u00a0 \u00a0\u00a0 TELEFONO\u00a0 E-MAIL Ufficio visti luned\u00ec, marted\u00ec, gioved\u00ec, venerd\u00ec dalle 9:00 alle 12:00 00234 (0)201 465 6728 00234 (0)201 465 6727 lagos.visa@esteri.it Ufficio consolare [&hellip;]","protected":false},"author":1,"featured_media":0,"parent":13,"menu_order":8,"comment_status":"closed","ping_status":"closed","template":"","meta":{"footnotes":""},"class_list":["post-37","page","type-page","status-publish","hentry"],"_links":{"self":[{"href":"https:\/\/conslagos.esteri.it\/it\/wp-json\/wp\/v2\/pages\/37","targetHints":{"allow":["GET"]}}],"collection":[{"href":"https:\/\/conslagos.esteri.it\/it\/wp-json\/wp\/v2\/pages"}],"about":[{"href":"https:\/\/conslagos.esteri.it\/it\/wp-json\/wp\/v2\/types\/page"}],"author":[{"embeddable":true,"href":"https:\/\/conslagos.esteri.it\/it\/wp-json\/wp\/v2\/users\/1"}],"replies":[{"embeddable":true,"href":"https:\/\/conslagos.esteri.it\/it\/wp-json\/wp\/v2\/comments?post=37"}],"version-history":[{"count":7,"href":"https:\/\/conslagos.esteri.it\/it\/wp-json\/wp\/v2\/pages\/37\/revisions"}],"predecessor-version":[{"id":2497,"href":"https:\/\/conslagos.esteri.it\/it\/wp-json\/wp\/v2\/pages\/37\/revisions\/2497"}],"up":[{"embeddable":true,"href":"https:\/\/conslagos.esteri.it\/it\/wp-json\/wp\/v2\/pages\/13"}],"wp:attachment":[{"href":"https:\/\/conslagos.esteri.it\/it\/wp-json\/wp\/v2\/media?parent=37"}],"curies":[{"name":"wp","href":"https:\/\/api.w.org\/{rel}","templated":true}]}}