{"id":740,"date":"2023-11-27T10:20:34","date_gmt":"2023-11-27T09:20:34","guid":{"rendered":"https:\/\/conslagos.esteri.it\/?page_id=740"},"modified":"2023-11-27T10:49:49","modified_gmt":"2023-11-27T09:49:49","slug":"communication-visa-pour-ressortissants-etrangers-en-republique-du-benin","status":"publish","type":"page","link":"https:\/\/conslagos.esteri.it\/fr\/news\/dal_consolato\/communication-visa-pour-ressortissants-etrangers-en-republique-du-benin\/","title":{"rendered":"Communication &#8211; Visa pour Ressortissants Etrangers en R\u00e9publique du B\u00e9nin"},"content":{"rendered":"<p>Prot. no 1080<\/p>\n<p style=\"text-align: justify;\">\u00c0 la suite de l&rsquo;activation de l&rsquo;accord italo-fran\u00e7ais, \u00abaccord de repr\u00e9sentation italo-fran\u00e7ais relatif \u00e0 la d\u00e9livrance de visas VSU\u00bb, toutes les demandes de visas Schengen &#8211; en ce qui concerne les s\u00e9jours en Italie de moins de 90 jours cons\u00e9cutifs (visas\u00a0 pour affaires, tourisme, mission, raisons religieuses, participation \u00e0 des conf\u00e9rences, soins m\u00e9dicaux, etc.) &#8211; doivent \u00eatre pr\u00e9sent\u00e9s personnellement par les ressortissants \u00e9trangers r\u00e9sidant en R\u00e9publique du B\u00e9nin \u00e0 l&rsquo;Ambassade de France\/Section consulaire \u00e0 Cotonou, selon les proc\u00e9dures \u00e9tablies par la pr\u00e9sente.<\/p>\n<p style=\"text-align: justify;\">Les entreprises italiennes, ou les citoyens italiens ou am\u00e9ricains, qui ont l&rsquo;intention d&rsquo;inviter des ressortissants \u00e9trangers r\u00e9sidant en R\u00e9publique du B\u00e9nin devront donc envoyer les documents justificatifs et la justification de leur invitation (de pr\u00e9f\u00e9rence en fran\u00e7ais) \u00e0 l&rsquo;Ambassade de France\/Section consulaire \u00e0 l&rsquo;adresse suivante:<\/p>\n<p style=\"text-align: justify;\">Ambassade de France en R\u00e9publique du B\u00e9nin &#8211; Section consulaire<\/p>\n<ul style=\"text-align: justify;\">\n<li>adresse: 515 rue Albert Sarraut, BP 966, Cotonou, R\u00e9p. Du B\u00e9nin<\/li>\n<li>t\u00e9l: 009 229 21 36 55 22<\/li>\n<li>e-mail: <strong><a href=\"mailto:consulat.cotonou-fslt@diplomatie.gouv.fr\">consulat.cotonou-fslt@diplomatie.gouv.fr<\/a><\/strong><\/li>\n<li>site web: <strong><a href=\"https:\/\/bj.ambafrance.org\/\">https:\/\/bj.ambafrance.org\/<\/a><\/strong><\/li>\n<\/ul>\n<p style=\"text-align: justify;\">Concernant les visas \u00abnationaux\u00bb, c&rsquo;est-\u00e0-dire relatifs \u00e0 un s\u00e9jour continu de plus de 90 jours: visas d&rsquo;immigration (regroupement familial, suivi familial, subordonn\u00e9 et ind\u00e9pendant) et r\u00e9sidence de longue dur\u00e9e (\u00e9tude, motifs religieux, traitement m\u00e9dical, adoption, r\u00e9admission, mission, etc.) les\u00a0demandes doivent \u00eatre\u00a0pr\u00e9sent\u00e9es par les candidats au\u00a0<a href=\"https:\/\/conslagos.esteri.it\/fr\/chi-siamo\/la-rete-consolare\/\"><strong>Correspondant Consulaire \u00e0 Cotonou<\/strong><\/a><\/p>\n","protected":false},"excerpt":{"rendered":"Prot. no 1080 \u00c0 la suite de l&rsquo;activation de l&rsquo;accord italo-fran\u00e7ais, \u00abaccord de repr\u00e9sentation italo-fran\u00e7ais relatif \u00e0 la d\u00e9livrance de visas VSU\u00bb, toutes les demandes de visas Schengen &#8211; en ce qui concerne les s\u00e9jours en Italie de moins de 90 jours cons\u00e9cutifs (visas\u00a0 pour affaires, tourisme, mission, raisons religieuses, participation \u00e0 des conf\u00e9rences, soins [&hellip;]","protected":false},"author":10,"featured_media":0,"parent":224,"menu_order":2,"comment_status":"closed","ping_status":"closed","template":"","meta":{"footnotes":""},"class_list":["post-740","page","type-page","status-publish","hentry"],"_links":{"self":[{"href":"https:\/\/conslagos.esteri.it\/fr\/wp-json\/wp\/v2\/pages\/740","targetHints":{"allow":["GET"]}}],"collection":[{"href":"https:\/\/conslagos.esteri.it\/fr\/wp-json\/wp\/v2\/pages"}],"about":[{"href":"https:\/\/conslagos.esteri.it\/fr\/wp-json\/wp\/v2\/types\/page"}],"author":[{"embeddable":true,"href":"https:\/\/conslagos.esteri.it\/fr\/wp-json\/wp\/v2\/users\/10"}],"replies":[{"embeddable":true,"href":"https:\/\/conslagos.esteri.it\/fr\/wp-json\/wp\/v2\/comments?post=740"}],"version-history":[{"count":3,"href":"https:\/\/conslagos.esteri.it\/fr\/wp-json\/wp\/v2\/pages\/740\/revisions"}],"predecessor-version":[{"id":748,"href":"https:\/\/conslagos.esteri.it\/fr\/wp-json\/wp\/v2\/pages\/740\/revisions\/748"}],"up":[{"embeddable":true,"href":"https:\/\/conslagos.esteri.it\/fr\/wp-json\/wp\/v2\/pages\/224"}],"wp:attachment":[{"href":"https:\/\/conslagos.esteri.it\/fr\/wp-json\/wp\/v2\/media?parent=740"}],"curies":[{"name":"wp","href":"https:\/\/api.w.org\/{rel}","templated":true}]}}