{"id":308,"date":"2023-04-03T19:30:58","date_gmt":"2023-04-03T17:30:58","guid":{"rendered":"https:\/\/conslagos.esteri.it\/servizi-consolari-e-visti\/servizi-per-il-cittadino-straniero\/cittadinanza\/"},"modified":"2023-12-13T13:07:00","modified_gmt":"2023-12-13T12:07:00","slug":"cittadinanza","status":"publish","type":"page","link":"https:\/\/conslagos.esteri.it\/fr\/servizi-consolari-e-visti\/servizi-per-il-cittadino-straniero\/cittadinanza\/","title":{"rendered":"Citoyennet\u00e9"},"content":{"rendered":"<p style=\"text-align: justify;\">Tout en pr\u00e9cisant que la question de la citoyennet\u00e9 rel\u00e8ve de la comp\u00e9tence du Minist\u00e8re de l&rsquo;Int\u00e9rieur, <span style=\"color: #0000ff;\"><strong><a style=\"color: #0000ff; text-decoration: underline;\" href=\"https:\/\/www.esteri.it\/it\/servizi-consolari-e-visti\/italiani-all-estero\/cittadinanza\/\">en cliquant ici<\/a><\/strong><\/span> vous trouverez un aper\u00e7u de la r\u00e9glementation en vigueur avec une r\u00e9f\u00e9rence particuli\u00e8re aux proc\u00e9dures qui peuvent \u00eatre activ\u00e9es. dans les bureaux consulaires de ce minist\u00e8re (<em>page disponible en langue italienne et anglaise<\/em>).<\/p>\n","protected":false},"excerpt":{"rendered":"Tout en pr\u00e9cisant que la question de la citoyennet\u00e9 rel\u00e8ve de la comp\u00e9tence du Minist\u00e8re de l&rsquo;Int\u00e9rieur, en cliquant ici vous trouverez un aper\u00e7u de la r\u00e9glementation en vigueur avec une r\u00e9f\u00e9rence particuli\u00e8re aux proc\u00e9dures qui peuvent \u00eatre activ\u00e9es. dans les bureaux consulaires de ce minist\u00e8re (page disponible en langue italienne et anglaise).","protected":false},"author":1,"featured_media":0,"parent":306,"menu_order":1,"comment_status":"closed","ping_status":"closed","template":"","meta":{"footnotes":""},"class_list":["post-308","page","type-page","status-publish","hentry"],"_links":{"self":[{"href":"https:\/\/conslagos.esteri.it\/fr\/wp-json\/wp\/v2\/pages\/308","targetHints":{"allow":["GET"]}}],"collection":[{"href":"https:\/\/conslagos.esteri.it\/fr\/wp-json\/wp\/v2\/pages"}],"about":[{"href":"https:\/\/conslagos.esteri.it\/fr\/wp-json\/wp\/v2\/types\/page"}],"author":[{"embeddable":true,"href":"https:\/\/conslagos.esteri.it\/fr\/wp-json\/wp\/v2\/users\/1"}],"replies":[{"embeddable":true,"href":"https:\/\/conslagos.esteri.it\/fr\/wp-json\/wp\/v2\/comments?post=308"}],"version-history":[{"count":2,"href":"https:\/\/conslagos.esteri.it\/fr\/wp-json\/wp\/v2\/pages\/308\/revisions"}],"predecessor-version":[{"id":1202,"href":"https:\/\/conslagos.esteri.it\/fr\/wp-json\/wp\/v2\/pages\/308\/revisions\/1202"}],"up":[{"embeddable":true,"href":"https:\/\/conslagos.esteri.it\/fr\/wp-json\/wp\/v2\/pages\/306"}],"wp:attachment":[{"href":"https:\/\/conslagos.esteri.it\/fr\/wp-json\/wp\/v2\/media?parent=308"}],"curies":[{"name":"wp","href":"https:\/\/api.w.org\/{rel}","templated":true}]}}