{"id":306,"date":"2023-04-03T19:25:23","date_gmt":"2023-04-03T17:25:23","guid":{"rendered":"https:\/\/conslagos.esteri.it\/servizi-consolari-e-visti\/servizi-per-il-cittadino-straniero\/"},"modified":"2025-10-03T15:39:57","modified_gmt":"2025-10-03T13:39:57","slug":"servizi-per-il-cittadino-straniero","status":"publish","type":"page","link":"https:\/\/conslagos.esteri.it\/fr\/servizi-consolari-e-visti\/servizi-per-il-cittadino-straniero\/","title":{"rendered":"Services aux citoyens \u00e9trangers"},"content":{"rendered":"<p>Veuillez trouver ci-dessous le lien qui vous permettra de conna\u00eetre s&rsquo;il vous est necessaire de faire demande de Visa, a&rsquo; travers une procedure guid\u00e9e sur la base de la nation, du pays de r\u00e9sidence, des motifs de visite et de la dur\u00e9e du s\u00e9jour :<\/p>\n<p><strong><a href=\"https:\/\/vistoperitalia.esteri.it\/\">Le\u00a0 visa pour l&rsquo;Italie<\/a><\/strong>\u00a0 <span style=\"color: #999999;\"><em>(page non disponible en langue francaise)<\/em><\/span><\/p>\n","protected":false},"excerpt":{"rendered":"Veuillez trouver ci-dessous le lien qui vous permettra de conna\u00eetre s&rsquo;il vous est necessaire de faire demande de Visa, a&rsquo; travers une procedure guid\u00e9e sur la base de la nation, du pays de r\u00e9sidence, des motifs de visite et de la dur\u00e9e du s\u00e9jour : Le\u00a0 visa pour l&rsquo;Italie\u00a0 (page non disponible en langue francaise)","protected":false},"author":1,"featured_media":0,"parent":216,"menu_order":2,"comment_status":"closed","ping_status":"closed","template":"","meta":{"footnotes":""},"class_list":["post-306","page","type-page","status-publish","hentry"],"_links":{"self":[{"href":"https:\/\/conslagos.esteri.it\/fr\/wp-json\/wp\/v2\/pages\/306","targetHints":{"allow":["GET"]}}],"collection":[{"href":"https:\/\/conslagos.esteri.it\/fr\/wp-json\/wp\/v2\/pages"}],"about":[{"href":"https:\/\/conslagos.esteri.it\/fr\/wp-json\/wp\/v2\/types\/page"}],"author":[{"embeddable":true,"href":"https:\/\/conslagos.esteri.it\/fr\/wp-json\/wp\/v2\/users\/1"}],"replies":[{"embeddable":true,"href":"https:\/\/conslagos.esteri.it\/fr\/wp-json\/wp\/v2\/comments?post=306"}],"version-history":[{"count":4,"href":"https:\/\/conslagos.esteri.it\/fr\/wp-json\/wp\/v2\/pages\/306\/revisions"}],"predecessor-version":[{"id":2548,"href":"https:\/\/conslagos.esteri.it\/fr\/wp-json\/wp\/v2\/pages\/306\/revisions\/2548"}],"up":[{"embeddable":true,"href":"https:\/\/conslagos.esteri.it\/fr\/wp-json\/wp\/v2\/pages\/216"}],"wp:attachment":[{"href":"https:\/\/conslagos.esteri.it\/fr\/wp-json\/wp\/v2\/media?parent=306"}],"curies":[{"name":"wp","href":"https:\/\/api.w.org\/{rel}","templated":true}]}}