{"id":300,"date":"2023-04-03T19:30:19","date_gmt":"2023-04-03T17:30:19","guid":{"rendered":"https:\/\/conslagos.esteri.it\/servizi-consolari-e-visti\/servizi-per-il-cittadino-italiano\/pensioni-e-sicurezza-sociale\/"},"modified":"2023-12-19T12:32:49","modified_gmt":"2023-12-19T11:32:49","slug":"pensioni-e-sicurezza-sociale","status":"publish","type":"page","link":"https:\/\/conslagos.esteri.it\/fr\/servizi-consolari-e-visti\/servizi-per-il-cittadino-italiano\/pensioni-e-sicurezza-sociale\/","title":{"rendered":"Retraites et s\u00e9curit\u00e9 sociale"},"content":{"rendered":"<p><span style=\"color: #000000;\">Informations sur le site du <span style=\"color: #0000ff;\"><a style=\"color: #0000ff;\" href=\"https:\/\/www.esteri.it\/it\/servizi-consolari-e-visti\/italiani-all-estero\/sicurezzasociale\/\"><strong>Minist\u00e8re des Affaires \u00e9trang\u00e8res et de la Coop\u00e9ration internationale<\/strong><\/a><\/span><\/span> <span style=\"color: #999999;\"><em>(page non disponible en langue francaise)<\/em><\/span><\/p>\n<p>&nbsp;<\/p>\n","protected":false},"excerpt":{"rendered":"Informations sur le site du Minist\u00e8re des Affaires \u00e9trang\u00e8res et de la Coop\u00e9ration internationale (page non disponible en langue francaise) &nbsp;","protected":false},"author":1,"featured_media":0,"parent":253,"menu_order":11,"comment_status":"closed","ping_status":"closed","template":"","meta":{"footnotes":""},"class_list":["post-300","page","type-page","status-publish","hentry"],"_links":{"self":[{"href":"https:\/\/conslagos.esteri.it\/fr\/wp-json\/wp\/v2\/pages\/300","targetHints":{"allow":["GET"]}}],"collection":[{"href":"https:\/\/conslagos.esteri.it\/fr\/wp-json\/wp\/v2\/pages"}],"about":[{"href":"https:\/\/conslagos.esteri.it\/fr\/wp-json\/wp\/v2\/types\/page"}],"author":[{"embeddable":true,"href":"https:\/\/conslagos.esteri.it\/fr\/wp-json\/wp\/v2\/users\/1"}],"replies":[{"embeddable":true,"href":"https:\/\/conslagos.esteri.it\/fr\/wp-json\/wp\/v2\/comments?post=300"}],"version-history":[{"count":2,"href":"https:\/\/conslagos.esteri.it\/fr\/wp-json\/wp\/v2\/pages\/300\/revisions"}],"predecessor-version":[{"id":1313,"href":"https:\/\/conslagos.esteri.it\/fr\/wp-json\/wp\/v2\/pages\/300\/revisions\/1313"}],"up":[{"embeddable":true,"href":"https:\/\/conslagos.esteri.it\/fr\/wp-json\/wp\/v2\/pages\/253"}],"wp:attachment":[{"href":"https:\/\/conslagos.esteri.it\/fr\/wp-json\/wp\/v2\/media?parent=300"}],"curies":[{"name":"wp","href":"https:\/\/api.w.org\/{rel}","templated":true}]}}