{"id":287,"date":"2023-04-03T19:29:59","date_gmt":"2023-04-03T17:29:59","guid":{"rendered":"https:\/\/conslagos.esteri.it\/servizi-consolari-e-visti\/servizi-per-il-cittadino-italiano\/autoveicoli-e-patenti-di-guida\/"},"modified":"2023-12-19T11:03:45","modified_gmt":"2023-12-19T10:03:45","slug":"autoveicoli-e-patenti-di-guida","status":"publish","type":"page","link":"https:\/\/conslagos.esteri.it\/fr\/servizi-consolari-e-visti\/servizi-per-il-cittadino-italiano\/autoveicoli-e-patenti-di-guida\/","title":{"rendered":"Permis de conduire"},"content":{"rendered":"<p style=\"text-align: justify;\"><span style=\"color: #000000;\">Pour conduire \u00e0 l&rsquo;\u00e9tranger, les citoyens italiens sont soumis \u00e0 des r\u00e8gles diff\u00e9rentes selon qu&rsquo;ils se rendent, pour de courts s\u00e9jours ou pour \u00e9tablir leur r\u00e9sidence, dans :<\/span><\/p>\n<p style=\"padding-left: 40px;\"><span style=\"color: #000000;\">a) les \u00c9tats membres de l&rsquo;Union europ\u00e9enne ou les pays appartenant \u00e0 l&rsquo;Espace \u00e9conomique europ\u00e9en (EEE);\u00a0<\/span><\/p>\n<p style=\"padding-left: 40px;\"><span style=\"color: #000000;\">b) les pays tiers qui ont sign\u00e9 des accords de r\u00e9ciprocit\u00e9 en mati\u00e8re de conversion et de reconnaissance des permis de conduire avec l&rsquo;Italie;<\/span><\/p>\n<p style=\"padding-left: 40px;\"><span style=\"color: #000000;\">c) les pays tiers qui ne sont pas signataires d&rsquo;accords de r\u00e9ciprocit\u00e9 en mati\u00e8re de conversion et de reconnaissance des permis de conduire avec l&rsquo;Italie.<\/span><\/p>\n<p style=\"text-align: justify;\"><span style=\"color: #000000;\">Pour plus d&rsquo;informations, visiter la page du site web du<\/span> <a href=\"https:\/\/www.esteri.it\/it\/servizi-consolari-e-visti\/italiani-all-estero\/autoveicoli_e_patenti\/patenteguida\/\"><strong><span style=\"color: #0000ff;\">Minist\u00e8re des Affaires \u00e9trang\u00e8res et de la Coop\u00e9ration internationale<\/span> <\/strong><\/a><span style=\"color: #999999;\"><em>(page uniquement en langue italienne et anglaise)<\/em><\/span><\/p>\n","protected":false},"excerpt":{"rendered":"Pour conduire \u00e0 l&rsquo;\u00e9tranger, les citoyens italiens sont soumis \u00e0 des r\u00e8gles diff\u00e9rentes selon qu&rsquo;ils se rendent, pour de courts s\u00e9jours ou pour \u00e9tablir leur r\u00e9sidence, dans : a) les \u00c9tats membres de l&rsquo;Union europ\u00e9enne ou les pays appartenant \u00e0 l&rsquo;Espace \u00e9conomique europ\u00e9en (EEE);\u00a0 b) les pays tiers qui ont sign\u00e9 des accords de r\u00e9ciprocit\u00e9 [&hellip;]","protected":false},"author":1,"featured_media":0,"parent":253,"menu_order":10,"comment_status":"closed","ping_status":"closed","template":"","meta":{"footnotes":""},"class_list":["post-287","page","type-page","status-publish","hentry"],"_links":{"self":[{"href":"https:\/\/conslagos.esteri.it\/fr\/wp-json\/wp\/v2\/pages\/287","targetHints":{"allow":["GET"]}}],"collection":[{"href":"https:\/\/conslagos.esteri.it\/fr\/wp-json\/wp\/v2\/pages"}],"about":[{"href":"https:\/\/conslagos.esteri.it\/fr\/wp-json\/wp\/v2\/types\/page"}],"author":[{"embeddable":true,"href":"https:\/\/conslagos.esteri.it\/fr\/wp-json\/wp\/v2\/users\/1"}],"replies":[{"embeddable":true,"href":"https:\/\/conslagos.esteri.it\/fr\/wp-json\/wp\/v2\/comments?post=287"}],"version-history":[{"count":6,"href":"https:\/\/conslagos.esteri.it\/fr\/wp-json\/wp\/v2\/pages\/287\/revisions"}],"predecessor-version":[{"id":1302,"href":"https:\/\/conslagos.esteri.it\/fr\/wp-json\/wp\/v2\/pages\/287\/revisions\/1302"}],"up":[{"embeddable":true,"href":"https:\/\/conslagos.esteri.it\/fr\/wp-json\/wp\/v2\/pages\/253"}],"wp:attachment":[{"href":"https:\/\/conslagos.esteri.it\/fr\/wp-json\/wp\/v2\/media?parent=287"}],"curies":[{"name":"wp","href":"https:\/\/api.w.org\/{rel}","templated":true}]}}