{"id":272,"date":"2023-04-03T19:29:28","date_gmt":"2023-04-03T17:29:28","guid":{"rendered":"https:\/\/conslagos.esteri.it\/servizi-consolari-e-visti\/servizi-per-il-cittadino-italiano\/servizi-elettorali\/"},"modified":"2023-12-15T13:32:55","modified_gmt":"2023-12-15T12:32:55","slug":"servizi-elettorali","status":"publish","type":"page","link":"https:\/\/conslagos.esteri.it\/fr\/servizi-consolari-e-visti\/servizi-per-il-cittadino-italiano\/servizi-elettorali\/","title":{"rendered":"Services \u00e9lectoraux"},"content":{"rendered":"<p style=\"text-align: justify;\"><span style=\"color: #000000;\">Le Bureau des services \u00e9lectoraux est charg\u00e9 de la gestion de tous les scrutins nationaux et europ\u00e9ens, auxquels sont appel\u00e9s \u00e0 participer les ayants droit de vote r\u00e9sidant dans la circonscription.<\/span><\/p>\n<p style=\"text-align: justify;\"><span style=\"color: #000000;\">Pour plus d&rsquo;informations, <strong><span style=\"color: #0000ff;\"><a style=\"color: #0000ff;\" href=\"https:\/\/www.esteri.it\/it\/servizi-consolari-e-visti\/italiani-all-estero\/votoestero\/\">cliquer sur ce lien<\/a><\/span><\/strong><\/span> <em><span style=\"color: #999999;\">(page uniquement en italien et anglais)<\/span><\/em><\/p>\n<p>&nbsp;<\/p>\n","protected":false},"excerpt":{"rendered":"Le Bureau des services \u00e9lectoraux est charg\u00e9 de la gestion de tous les scrutins nationaux et europ\u00e9ens, auxquels sont appel\u00e9s \u00e0 participer les ayants droit de vote r\u00e9sidant dans la circonscription. Pour plus d&rsquo;informations, cliquer sur ce lien (page uniquement en italien et anglais) &nbsp;","protected":false},"author":1,"featured_media":0,"parent":253,"menu_order":13,"comment_status":"closed","ping_status":"closed","template":"","meta":{"footnotes":""},"class_list":["post-272","page","type-page","status-publish","hentry"],"_links":{"self":[{"href":"https:\/\/conslagos.esteri.it\/fr\/wp-json\/wp\/v2\/pages\/272","targetHints":{"allow":["GET"]}}],"collection":[{"href":"https:\/\/conslagos.esteri.it\/fr\/wp-json\/wp\/v2\/pages"}],"about":[{"href":"https:\/\/conslagos.esteri.it\/fr\/wp-json\/wp\/v2\/types\/page"}],"author":[{"embeddable":true,"href":"https:\/\/conslagos.esteri.it\/fr\/wp-json\/wp\/v2\/users\/1"}],"replies":[{"embeddable":true,"href":"https:\/\/conslagos.esteri.it\/fr\/wp-json\/wp\/v2\/comments?post=272"}],"version-history":[{"count":2,"href":"https:\/\/conslagos.esteri.it\/fr\/wp-json\/wp\/v2\/pages\/272\/revisions"}],"predecessor-version":[{"id":1272,"href":"https:\/\/conslagos.esteri.it\/fr\/wp-json\/wp\/v2\/pages\/272\/revisions\/1272"}],"up":[{"embeddable":true,"href":"https:\/\/conslagos.esteri.it\/fr\/wp-json\/wp\/v2\/pages\/253"}],"wp:attachment":[{"href":"https:\/\/conslagos.esteri.it\/fr\/wp-json\/wp\/v2\/media?parent=272"}],"curies":[{"name":"wp","href":"https:\/\/api.w.org\/{rel}","templated":true}]}}