{"id":270,"date":"2023-04-03T19:29:13","date_gmt":"2023-04-03T17:29:13","guid":{"rendered":"https:\/\/conslagos.esteri.it\/servizi-consolari-e-visti\/servizi-per-il-cittadino-italiano\/assistenza-ai-cittadini-allestero\/"},"modified":"2023-12-14T12:30:34","modified_gmt":"2023-12-14T11:30:34","slug":"assistenza-ai-cittadini-allestero","status":"publish","type":"page","link":"https:\/\/conslagos.esteri.it\/fr\/servizi-consolari-e-visti\/servizi-per-il-cittadino-italiano\/assistenza-ai-cittadini-allestero\/","title":{"rendered":"Assistance aux citoyens \u00e0 l&rsquo;\u00e9tranger"},"content":{"rendered":"<p style=\"text-align: justify;\"><span class=\"jCAhz ChMk0b\" style=\"color: #000000;\"><span class=\"ryNqvb\">Le bureau consulaire du Consulat G\u00e9n\u00e9ral fournit une assistance aux citoyens italiens qui se trouvent en difficult\u00e9 pendant leur s\u00e9jour au Nigeria.<\/span> <\/span><span class=\"jCAhz ChMk0b\"><span class=\"ryNqvb\"><span style=\"color: #000000;\">Les compatriotes de l&rsquo;\u00c9tat de Lagos ou relevant de la juridiction du consulat g\u00e9n\u00e9ral peuvent contacter pour une premi\u00e8re assistance le consulat g\u00e9n\u00e9ral d&rsquo;Italie \u00e0 Lagos, dont les coordonn\u00e9es se trouvent sous la rubrique<\/span> <span style=\"color: #0000ff;\"><a style=\"color: #0000ff;\" href=\"https:\/\/conslagos.esteri.it\/fr\/chi-siamo\/la-rete-consolare\/\"><strong>Le r\u00e9seau consulaire<\/strong><\/a><\/span><span style=\"color: #000000;\">.<\/span><\/span><\/span><\/p>\n<p style=\"text-align: justify;\"><span class=\"jCAhz ChMk0b\" style=\"color: #000000;\"><span class=\"ryNqvb\">Les interventions possibles comprennent l&rsquo;assistance aux prisonniers et aux personnes en \u00e9tat d&rsquo;arrestation, l&rsquo;assistance \u00e9conomique, l&rsquo;assistance en cas de vol ou de perte de documents, l&rsquo;aide \u00e0 la recherche de compatriotes, les rapatriements.<\/span><\/span><\/p>\n<p style=\"text-align: justify;\"><span class=\"jCAhz ChMk0b\" style=\"color: #000000;\"> <span class=\"ryNqvb\">Par ailleurs, conform\u00e9ment aux dispositions en vigueur, le bureau consulaire peut \u00e9galement pr\u00eater assistance &#8211; pour des interventions sp\u00e9cifiques &#8211; aux citoyens de l&rsquo;Union europ\u00e9enne.<\/span><\/span><\/p>\n","protected":false},"excerpt":{"rendered":"Le bureau consulaire du Consulat G\u00e9n\u00e9ral fournit une assistance aux citoyens italiens qui se trouvent en difficult\u00e9 pendant leur s\u00e9jour au Nigeria. Les compatriotes de l&rsquo;\u00c9tat de Lagos ou relevant de la juridiction du consulat g\u00e9n\u00e9ral peuvent contacter pour une premi\u00e8re assistance le consulat g\u00e9n\u00e9ral d&rsquo;Italie \u00e0 Lagos, dont les coordonn\u00e9es se trouvent sous la [&hellip;]","protected":false},"author":1,"featured_media":0,"parent":253,"menu_order":3,"comment_status":"closed","ping_status":"closed","template":"","meta":{"footnotes":""},"class_list":["post-270","page","type-page","status-publish","hentry"],"_links":{"self":[{"href":"https:\/\/conslagos.esteri.it\/fr\/wp-json\/wp\/v2\/pages\/270","targetHints":{"allow":["GET"]}}],"collection":[{"href":"https:\/\/conslagos.esteri.it\/fr\/wp-json\/wp\/v2\/pages"}],"about":[{"href":"https:\/\/conslagos.esteri.it\/fr\/wp-json\/wp\/v2\/types\/page"}],"author":[{"embeddable":true,"href":"https:\/\/conslagos.esteri.it\/fr\/wp-json\/wp\/v2\/users\/1"}],"replies":[{"embeddable":true,"href":"https:\/\/conslagos.esteri.it\/fr\/wp-json\/wp\/v2\/comments?post=270"}],"version-history":[{"count":2,"href":"https:\/\/conslagos.esteri.it\/fr\/wp-json\/wp\/v2\/pages\/270\/revisions"}],"predecessor-version":[{"id":1258,"href":"https:\/\/conslagos.esteri.it\/fr\/wp-json\/wp\/v2\/pages\/270\/revisions\/1258"}],"up":[{"embeddable":true,"href":"https:\/\/conslagos.esteri.it\/fr\/wp-json\/wp\/v2\/pages\/253"}],"wp:attachment":[{"href":"https:\/\/conslagos.esteri.it\/fr\/wp-json\/wp\/v2\/media?parent=270"}],"curies":[{"name":"wp","href":"https:\/\/api.w.org\/{rel}","templated":true}]}}