{"id":268,"date":"2023-04-03T19:29:02","date_gmt":"2023-04-03T17:29:02","guid":{"rendered":"https:\/\/conslagos.esteri.it\/servizi-consolari-e-visti\/servizi-per-il-cittadino-italiano\/stato-civile\/"},"modified":"2023-11-29T12:08:10","modified_gmt":"2023-11-29T11:08:10","slug":"stato-civile","status":"publish","type":"page","link":"https:\/\/conslagos.esteri.it\/fr\/servizi-consolari-e-visti\/servizi-per-il-cittadino-italiano\/stato-civile\/","title":{"rendered":"\u00c9tat civil"},"content":{"rendered":"<p style=\"text-align: justify;\"><span class=\"jCAhz ChMk0b\"><span class=\"ryNqvb\">L\u2019\u00e9tat civil concerne l\u2019ensemble des \u00e9v\u00e9nements, faits ou expressions de volont\u00e9 inh\u00e9rents \u00e0 la vie d\u2019un citoyen: naissance, mariage, pacs, d\u00e9c\u00e8s, divorce, citoyennet\u00e9.<\/span><\/span> <span class=\"jCAhz ChMk0b\"><span class=\"ryNqvb\">L&rsquo;enregistrement de ces \u00e9v\u00e9nements et faits rel\u00e8ve de la comp\u00e9tence de l&rsquo;officier de l&rsquo;\u00e9tat civil, dont les fonctions sont exerc\u00e9es en Italie par les autorit\u00e9s locales et \u00e0 l&rsquo;\u00e9tranger par les bureaux consulaires.<\/span><\/span> <span class=\"jCAhz ChMk0b\"><span class=\"ryNqvb\">Le bureau de l&rsquo;\u00e9tat civil d&rsquo;une Repr\u00e9sentation diplomatique ou consulaire s&rsquo;occupe:<\/span><\/span><\/p>\n<p style=\"text-align: justify; padding-left: 40px;\"><span class=\"jCAhz ChMk0b\"><span class=\"ryNqvb\">\u2013 g\u00e9rer les registres d&rsquo;\u00e9tat civil (au nombre de quatre: citoyennet\u00e9, naissance, mariage et d\u00e9c\u00e8s) pour les actes dress\u00e9s au sein m\u00eame du Consulat;<\/span><\/span><\/p>\n<p style=\"text-align: justify; padding-left: 40px;\"><span class=\"jCAhz ChMk0b\"><span class=\"ryNqvb\">\u2013 recevoir les actes d\u00e9livr\u00e9s par des autorit\u00e9s \u00e9trang\u00e8res et les transmettre aux municipalit\u00e9s italiennes pour enregistrement;<\/span><\/span><\/p>\n<p style=\"text-align: justify; padding-left: 40px;\"><span class=\"jCAhz ChMk0b\"><span class=\"ryNqvb\">\u2013 recevoir les jugements et ordonnances rendus \u00e0 l&rsquo;\u00e9tranger (par exemple divorce, adoption, etc.) et les transmettre aux institutions italiennes comp\u00e9tentes;<\/span><\/span><\/p>\n<p style=\"text-align: justify; padding-left: 40px;\"><span class=\"jCAhz ChMk0b\"><span class=\"ryNqvb\">\u2013 transmettre les demandes de changement de nom ou de pr\u00e9nom aux Pr\u00e9fectures comp\u00e9tentes;<\/span><\/span><\/p>\n<p style=\"text-align: justify; padding-left: 40px;\"><span class=\"jCAhz ChMk0b\"><span class=\"ryNqvb\">\u2013 dresser le proc\u00e8s-verbal des bans de mariage et le mettre en ligne sur le registre consulaire;<\/span><\/span><\/p>\n<p style=\"text-align: justify; padding-left: 40px;\"><span class=\"jCAhz ChMk0b\"><span class=\"ryNqvb\">\u2013 c\u00e9l\u00e9brer les mariages consulaires et \u00e9tablir des partenariats civils, \u00e0 condition que les lois locales le permettent.<\/span><\/span><\/p>\n<p>&nbsp;<\/p>\n<p style=\"text-align: justify;\"><span class=\"jCAhz ChMk0b\"><span class=\"ryNqvb\">Pour plus d&rsquo;informations, <a href=\"https:\/\/www.esteri.it\/it\/servizi-consolari-e-visti\/italiani-all-estero\/stato-civile\/\"><strong>veuillez cliquer ici<\/strong><\/a> <em>(page disponible en langue italienne et anglaise)<\/em><\/span><\/span><\/p>\n<div class=\"OvtS8d\" style=\"text-align: justify;\"><\/div>\n<div id=\"ow499\"><\/div>\n<div class=\"UdTY9 WdefRb\" aria-hidden=\"true\" data-location=\"2\">\n<div class=\"kO6q6e\"><\/div>\n<\/div>\n<div class=\"XL3Kf XExWNc\">\n<div class=\"a8FIud\">\n<div data-show-delay-ms=\"250\" data-append-to-body=\"false\" data-propagate-tooltip-mouseover-events=\"true\" data-anchor-corner=\"bottom-end\" data-enable-skip-handler=\"false\" data-popup-corner=\"top-end\">\n<div><\/div>\n<\/div>\n<div class=\"VfPpkd-Bz112c-Jh9lGc\"><\/div>\n<div class=\"VfPpkd-Bz112c-RLmnJb\"><\/div>\n<\/div>\n<\/div>\n<div class=\"ebT7ne VOLvac sMVRZe\">\n<div class=\"F0pQVc\">\u200b<\/div>\n<\/div>\n","protected":false},"excerpt":{"rendered":"L\u2019\u00e9tat civil concerne l\u2019ensemble des \u00e9v\u00e9nements, faits ou expressions de volont\u00e9 inh\u00e9rents \u00e0 la vie d\u2019un citoyen: naissance, mariage, pacs, d\u00e9c\u00e8s, divorce, citoyennet\u00e9. L&rsquo;enregistrement de ces \u00e9v\u00e9nements et faits rel\u00e8ve de la comp\u00e9tence de l&rsquo;officier de l&rsquo;\u00e9tat civil, dont les fonctions sont exerc\u00e9es en Italie par les autorit\u00e9s locales et \u00e0 l&rsquo;\u00e9tranger par les bureaux [&hellip;]","protected":false},"author":1,"featured_media":0,"parent":253,"menu_order":14,"comment_status":"closed","ping_status":"closed","template":"","meta":{"footnotes":""},"class_list":["post-268","page","type-page","status-publish","hentry"],"_links":{"self":[{"href":"https:\/\/conslagos.esteri.it\/fr\/wp-json\/wp\/v2\/pages\/268","targetHints":{"allow":["GET"]}}],"collection":[{"href":"https:\/\/conslagos.esteri.it\/fr\/wp-json\/wp\/v2\/pages"}],"about":[{"href":"https:\/\/conslagos.esteri.it\/fr\/wp-json\/wp\/v2\/types\/page"}],"author":[{"embeddable":true,"href":"https:\/\/conslagos.esteri.it\/fr\/wp-json\/wp\/v2\/users\/1"}],"replies":[{"embeddable":true,"href":"https:\/\/conslagos.esteri.it\/fr\/wp-json\/wp\/v2\/comments?post=268"}],"version-history":[{"count":3,"href":"https:\/\/conslagos.esteri.it\/fr\/wp-json\/wp\/v2\/pages\/268\/revisions"}],"predecessor-version":[{"id":874,"href":"https:\/\/conslagos.esteri.it\/fr\/wp-json\/wp\/v2\/pages\/268\/revisions\/874"}],"up":[{"embeddable":true,"href":"https:\/\/conslagos.esteri.it\/fr\/wp-json\/wp\/v2\/pages\/253"}],"wp:attachment":[{"href":"https:\/\/conslagos.esteri.it\/fr\/wp-json\/wp\/v2\/media?parent=268"}],"curies":[{"name":"wp","href":"https:\/\/api.w.org\/{rel}","templated":true}]}}