{"id":264,"date":"2023-04-03T19:28:33","date_gmt":"2023-04-03T17:28:33","guid":{"rendered":"https:\/\/conslagos.esteri.it\/servizi-consolari-e-visti\/servizi-per-il-cittadino-italiano\/emergency-travel-documents-etd\/"},"modified":"2023-12-14T10:35:54","modified_gmt":"2023-12-14T09:35:54","slug":"emergency-travel-documents-etd","status":"publish","type":"page","link":"https:\/\/conslagos.esteri.it\/fr\/servizi-consolari-e-visti\/servizi-per-il-cittadino-italiano\/emergency-travel-documents-etd\/","title":{"rendered":"Documents de voyage d&rsquo;urgence (ETD)"},"content":{"rendered":"<p style=\"text-align: justify;\"><span style=\"color: #000000;\"><span class=\"jCAhz ChMk0b\"><span class=\"ryNqvb\">En cas d&rsquo;urgence, par exemple en cas de perte ou de vol de votre passeport avec n\u00e9cessit\u00e9 de retourner rapidement en Italie, le Bureau Consulaire du Consulat G\u00e9n\u00e9ral peut d\u00e9livrer un document de voyage temporaire (E.T.D. &#8211; Emergency Travel Document).<\/span><\/span> <span class=\"jCAhz ChMk0b\"><span class=\"ryNqvb\">L&rsquo;E.T.D.<\/span><\/span> \u00a0<span class=\"jCAhz ChMk0b\"><span class=\"ryNqvb\">n&rsquo;est valable que pour le voyage de retour en Italie ou vers le pays de r\u00e9sidence habituelle (seulement dans des cas exceptionnels, il peut \u00eatre d\u00e9livr\u00e9 pour une destination diff\u00e9rente), dont la validit\u00e9 est limit\u00e9e au temps strictement n\u00e9cessaire pour atteindre la destination finale du voyage.<\/span><\/span><\/span><\/p>\n<p style=\"text-align: justify;\"><span class=\"jCAhz ChMk0b\"><span class=\"ryNqvb\"><span style=\"color: #000000;\">Pour plus d&rsquo;informations,<\/span> <span style=\"color: #0000ff;\"><strong>cliquez ici<\/strong><span style=\"color: #808080;\"><em> (page disponible en italien et anglais)<\/em><\/span><\/span><\/span><\/span><\/p>\n","protected":false},"excerpt":{"rendered":"En cas d&rsquo;urgence, par exemple en cas de perte ou de vol de votre passeport avec n\u00e9cessit\u00e9 de retourner rapidement en Italie, le Bureau Consulaire du Consulat G\u00e9n\u00e9ral peut d\u00e9livrer un document de voyage temporaire (E.T.D. &#8211; Emergency Travel Document). L&rsquo;E.T.D. \u00a0n&rsquo;est valable que pour le voyage de retour en Italie ou vers le pays [&hellip;]","protected":false},"author":1,"featured_media":0,"parent":253,"menu_order":6,"comment_status":"closed","ping_status":"closed","template":"","meta":{"footnotes":""},"class_list":["post-264","page","type-page","status-publish","hentry"],"_links":{"self":[{"href":"https:\/\/conslagos.esteri.it\/fr\/wp-json\/wp\/v2\/pages\/264","targetHints":{"allow":["GET"]}}],"collection":[{"href":"https:\/\/conslagos.esteri.it\/fr\/wp-json\/wp\/v2\/pages"}],"about":[{"href":"https:\/\/conslagos.esteri.it\/fr\/wp-json\/wp\/v2\/types\/page"}],"author":[{"embeddable":true,"href":"https:\/\/conslagos.esteri.it\/fr\/wp-json\/wp\/v2\/users\/1"}],"replies":[{"embeddable":true,"href":"https:\/\/conslagos.esteri.it\/fr\/wp-json\/wp\/v2\/comments?post=264"}],"version-history":[{"count":4,"href":"https:\/\/conslagos.esteri.it\/fr\/wp-json\/wp\/v2\/pages\/264\/revisions"}],"predecessor-version":[{"id":1244,"href":"https:\/\/conslagos.esteri.it\/fr\/wp-json\/wp\/v2\/pages\/264\/revisions\/1244"}],"up":[{"embeddable":true,"href":"https:\/\/conslagos.esteri.it\/fr\/wp-json\/wp\/v2\/pages\/253"}],"wp:attachment":[{"href":"https:\/\/conslagos.esteri.it\/fr\/wp-json\/wp\/v2\/media?parent=264"}],"curies":[{"name":"wp","href":"https:\/\/api.w.org\/{rel}","templated":true}]}}