{"id":253,"date":"2023-04-03T19:25:07","date_gmt":"2023-04-03T17:25:07","guid":{"rendered":"https:\/\/conslagos.esteri.it\/servizi-consolari-e-visti\/servizi-per-il-cittadino-italiano\/"},"modified":"2023-12-13T15:23:37","modified_gmt":"2023-12-13T14:23:37","slug":"servizi-per-il-cittadino-italiano","status":"publish","type":"page","link":"https:\/\/conslagos.esteri.it\/fr\/servizi-consolari-e-visti\/servizi-per-il-cittadino-italiano\/","title":{"rendered":"Services pour le citoyen italien"},"content":{"rendered":"<p><span class=\"jCAhz ChMk0b\"><span class=\"ryNqvb\">Cette section du site contient les services offerts par le Consulat G\u00e9n\u00e9ral d&rsquo;Italie \u00e0 Lagos.<\/span><\/span><\/p>\n<p><strong><span class=\"jCAhz ChMk0b\"><span class=\"ryNqvb\">Cliquez sur les \u00e9l\u00e9ments du menu \u00e0 droite pour acc\u00e9der \u00e0 ces services.<\/span><\/span><\/strong><\/p>\n<p><span class=\"jCAhz ChMk0b\"><span class=\"ryNqvb\">Le Consulat a pour mission d&rsquo;assurer la protection des Italiens \u00e0 l&rsquo;\u00e9tranger et propose divers services.<\/span><\/span><\/p>\n<p style=\"text-align: justify;\">Les services doivent \u00eatre fournis selon les principes d&rsquo;\u00e9galit\u00e9, d&rsquo;impartialit\u00e9, d&rsquo;efficacit\u00e9 et de transparence dans le but de prot\u00e9ger les citoyens italiens dans le respect des droits fondamentaux et de la libert\u00e9 personnelle. La protection concerne par exemple les cas de d\u00e9c\u00e8s, d&rsquo;accident, de maladie grave, d&rsquo;arrestation ou de d\u00e9tention, d&rsquo;actes de violence, l&rsquo;assistance en cas de crises graves (catastrophes naturelles, troubles civils, conflits arm\u00e9s, etc.), d\u00e9livrance de documents de voyage d&rsquo;urgence aux citoyens non-r\u00e9sidents en raison de perte ou de vol de leur passeport.<\/p>\n<p>&nbsp;<\/p>\n<p>&nbsp;<\/p>\n<p>&nbsp;<\/p>\n<p>&nbsp;<\/p>\n<p>&nbsp;<\/p>\n","protected":false},"excerpt":{"rendered":"Cette section du site contient les services offerts par le Consulat G\u00e9n\u00e9ral d&rsquo;Italie \u00e0 Lagos. Cliquez sur les \u00e9l\u00e9ments du menu \u00e0 droite pour acc\u00e9der \u00e0 ces services. Le Consulat a pour mission d&rsquo;assurer la protection des Italiens \u00e0 l&rsquo;\u00e9tranger et propose divers services. Les services doivent \u00eatre fournis selon les principes d&rsquo;\u00e9galit\u00e9, d&rsquo;impartialit\u00e9, d&rsquo;efficacit\u00e9 [&hellip;]","protected":false},"author":1,"featured_media":0,"parent":216,"menu_order":0,"comment_status":"closed","ping_status":"closed","template":"","meta":{"footnotes":""},"class_list":["post-253","page","type-page","status-publish","hentry"],"_links":{"self":[{"href":"https:\/\/conslagos.esteri.it\/fr\/wp-json\/wp\/v2\/pages\/253","targetHints":{"allow":["GET"]}}],"collection":[{"href":"https:\/\/conslagos.esteri.it\/fr\/wp-json\/wp\/v2\/pages"}],"about":[{"href":"https:\/\/conslagos.esteri.it\/fr\/wp-json\/wp\/v2\/types\/page"}],"author":[{"embeddable":true,"href":"https:\/\/conslagos.esteri.it\/fr\/wp-json\/wp\/v2\/users\/1"}],"replies":[{"embeddable":true,"href":"https:\/\/conslagos.esteri.it\/fr\/wp-json\/wp\/v2\/comments?post=253"}],"version-history":[{"count":3,"href":"https:\/\/conslagos.esteri.it\/fr\/wp-json\/wp\/v2\/pages\/253\/revisions"}],"predecessor-version":[{"id":1222,"href":"https:\/\/conslagos.esteri.it\/fr\/wp-json\/wp\/v2\/pages\/253\/revisions\/1222"}],"up":[{"embeddable":true,"href":"https:\/\/conslagos.esteri.it\/fr\/wp-json\/wp\/v2\/pages\/216"}],"wp:attachment":[{"href":"https:\/\/conslagos.esteri.it\/fr\/wp-json\/wp\/v2\/media?parent=253"}],"curies":[{"name":"wp","href":"https:\/\/api.w.org\/{rel}","templated":true}]}}