{"id":206,"date":"2023-04-03T18:23:50","date_gmt":"2023-04-03T16:23:50","guid":{"rendered":"https:\/\/conslagos.esteri.it\/italia-e-nigeria\/"},"modified":"2023-11-30T12:25:15","modified_gmt":"2023-11-30T11:25:15","slug":"italia-e-nigeria","status":"publish","type":"page","link":"https:\/\/conslagos.esteri.it\/fr\/italia-e-nigeria\/","title":{"rendered":"Italie et Nigeria"},"content":{"rendered":"<p><strong>Relations avec l&rsquo;Italie<\/strong><\/p>\n<p style=\"text-align: justify;\"><span class=\"jCAhz ChMk0b\"><span class=\"ryNqvb\">Le Nigeria est le principal partenaire commercial de l&rsquo;Italie en Afrique subsaharienne apr\u00e8s l&rsquo;Afrique du Sud.<\/span><\/span> <span class=\"jCAhz ChMk0b\"><span class=\"ryNqvb\">Les liens entre le Nigeria et l&rsquo;Italie ont leurs racines dans les derni\u00e8res d\u00e9cennies, lorsque de nombreux Italiens se sont install\u00e9s dans le pays en ouvrant des entreprises importantes et tr\u00e8s appr\u00e9ci\u00e9es, ainsi que dans la vaste communaut\u00e9 de Nig\u00e9rians qui vivent et travaillent en Italie.<\/span><\/span><\/p>\n","protected":false},"excerpt":{"rendered":"Relations avec l&rsquo;Italie Le Nigeria est le principal partenaire commercial de l&rsquo;Italie en Afrique subsaharienne apr\u00e8s l&rsquo;Afrique du Sud. Les liens entre le Nigeria et l&rsquo;Italie ont leurs racines dans les derni\u00e8res d\u00e9cennies, lorsque de nombreux Italiens se sont install\u00e9s dans le pays en ouvrant des entreprises importantes et tr\u00e8s appr\u00e9ci\u00e9es, ainsi que dans la [&hellip;]","protected":false},"author":1,"featured_media":0,"parent":0,"menu_order":4,"comment_status":"closed","ping_status":"closed","template":"","meta":{"footnotes":""},"class_list":["post-206","page","type-page","status-publish","hentry"],"_links":{"self":[{"href":"https:\/\/conslagos.esteri.it\/fr\/wp-json\/wp\/v2\/pages\/206","targetHints":{"allow":["GET"]}}],"collection":[{"href":"https:\/\/conslagos.esteri.it\/fr\/wp-json\/wp\/v2\/pages"}],"about":[{"href":"https:\/\/conslagos.esteri.it\/fr\/wp-json\/wp\/v2\/types\/page"}],"author":[{"embeddable":true,"href":"https:\/\/conslagos.esteri.it\/fr\/wp-json\/wp\/v2\/users\/1"}],"replies":[{"embeddable":true,"href":"https:\/\/conslagos.esteri.it\/fr\/wp-json\/wp\/v2\/comments?post=206"}],"version-history":[{"count":3,"href":"https:\/\/conslagos.esteri.it\/fr\/wp-json\/wp\/v2\/pages\/206\/revisions"}],"predecessor-version":[{"id":1081,"href":"https:\/\/conslagos.esteri.it\/fr\/wp-json\/wp\/v2\/pages\/206\/revisions\/1081"}],"wp:attachment":[{"href":"https:\/\/conslagos.esteri.it\/fr\/wp-json\/wp\/v2\/media?parent=206"}],"curies":[{"name":"wp","href":"https:\/\/api.w.org\/{rel}","templated":true}]}}