{"id":204,"date":"2023-04-03T19:16:29","date_gmt":"2023-04-03T17:16:29","guid":{"rendered":"https:\/\/conslagos.esteri.it\/chi-siamo\/la-rete-consolare\/"},"modified":"2026-02-02T10:56:29","modified_gmt":"2026-02-02T09:56:29","slug":"la-rete-consolare","status":"publish","type":"page","link":"https:\/\/conslagos.esteri.it\/fr\/chi-siamo\/la-rete-consolare\/","title":{"rendered":"Le r\u00e9seau consulaire"},"content":{"rendered":"<p><strong>1. AMBASSADE D&rsquo;ITALIE A ABUJA<br \/>\n<\/strong>\u00a0 \u00a0 Europe House, European Union Crescent, Off Constitution Avenue, Central Business District, P.M.B. 447, Garki, Abuja<\/p>\n<p>tel. durant les horaires de travail: +234 (0)209 460 2970, (0)209 460 2971, (0)209 460 2972<\/p>\n<p style=\"padding-left: 40px;\">Secr\u00e9taire de l&rsquo;Ambassadeur<\/p>\n<p style=\"padding-left: 40px;\">e-mail: <strong><a href=\"mailto:abuja.segreteria@esteri.it\">abuja.segreteria@esteri.it<\/a><\/strong><\/p>\n<p>&nbsp;<\/p>\n<p><strong>2. Consulat Honoraire <span style=\"color: #333333;\">\u00e0<\/span> Cotonou (R\u00e9publique du B\u00e9nin)<\/strong><\/p>\n<p><span style=\"color: #808080;\"><em>\u00a0 \u00a0 \u00a0(mises \u00e0 jour \u00e0 venir)<\/em><\/span><\/p>\n<p>&nbsp;<\/p>\n<p><strong>3. Correspondant Consulaire <span style=\"color: #333333;\">\u00e0<\/span> Port Harcourt (Nig\u00e9ria)<\/strong><\/p>\n<p style=\"padding-left: 40px;\"><strong>Ing. Giandomenico MASSARI<\/strong><\/p>\n<p style=\"padding-left: 40px;\">tel: 00234 (0)803 407 0504<\/p>\n<p style=\"padding-left: 40px;\">cell: 00234 (0)805 502 9301<\/p>\n<p style=\"padding-left: 40px;\">e-mail:\u00a0<strong><a href=\"mailto:gmassari@danelec-ltd.com\">gmassari@danelec-ltd.com<\/a>,\u00a0<a href=\"mailto:gmassari@web-int.com\">gmassari@web-int.com<\/a><\/strong><\/p>\n","protected":false},"excerpt":{"rendered":"1. AMBASSADE D&rsquo;ITALIE A ABUJA \u00a0 \u00a0 Europe House, European Union Crescent, Off Constitution Avenue, Central Business District, P.M.B. 447, Garki, Abuja tel. durant les horaires de travail: +234 (0)209 460 2970, (0)209 460 2971, (0)209 460 2972 Secr\u00e9taire de l&rsquo;Ambassadeur e-mail: abuja.segreteria@esteri.it &nbsp; 2. Consulat Honoraire \u00e0 Cotonou (R\u00e9publique du B\u00e9nin) \u00a0 \u00a0 \u00a0(mises [&hellip;]","protected":false},"author":1,"featured_media":0,"parent":178,"menu_order":12,"comment_status":"closed","ping_status":"closed","template":"","meta":{"footnotes":""},"class_list":["post-204","page","type-page","status-publish","hentry"],"_links":{"self":[{"href":"https:\/\/conslagos.esteri.it\/fr\/wp-json\/wp\/v2\/pages\/204","targetHints":{"allow":["GET"]}}],"collection":[{"href":"https:\/\/conslagos.esteri.it\/fr\/wp-json\/wp\/v2\/pages"}],"about":[{"href":"https:\/\/conslagos.esteri.it\/fr\/wp-json\/wp\/v2\/types\/page"}],"author":[{"embeddable":true,"href":"https:\/\/conslagos.esteri.it\/fr\/wp-json\/wp\/v2\/users\/1"}],"replies":[{"embeddable":true,"href":"https:\/\/conslagos.esteri.it\/fr\/wp-json\/wp\/v2\/comments?post=204"}],"version-history":[{"count":6,"href":"https:\/\/conslagos.esteri.it\/fr\/wp-json\/wp\/v2\/pages\/204\/revisions"}],"predecessor-version":[{"id":3009,"href":"https:\/\/conslagos.esteri.it\/fr\/wp-json\/wp\/v2\/pages\/204\/revisions\/3009"}],"up":[{"embeddable":true,"href":"https:\/\/conslagos.esteri.it\/fr\/wp-json\/wp\/v2\/pages\/178"}],"wp:attachment":[{"href":"https:\/\/conslagos.esteri.it\/fr\/wp-json\/wp\/v2\/media?parent=204"}],"curies":[{"name":"wp","href":"https:\/\/api.w.org\/{rel}","templated":true}]}}