{"id":188,"date":"2023-04-03T19:16:15","date_gmt":"2023-04-03T17:16:15","guid":{"rendered":"https:\/\/conslagos.esteri.it\/chi-siamo\/numeri-di-emergenza\/"},"modified":"2025-09-16T15:48:51","modified_gmt":"2025-09-16T13:48:51","slug":"numeri-di-emergenza","status":"publish","type":"page","link":"https:\/\/conslagos.esteri.it\/fr\/chi-siamo\/numeri-di-emergenza\/","title":{"rendered":"Num\u00e9ros d&rsquo;urgence"},"content":{"rendered":"<p><span style=\"color: #ff0000;\"><strong>00234 (0)912 860 5625<\/strong><\/span><\/p>\n<p><strong><span class=\"jCAhz ChMk0b\"><span class=\"ryNqvb\">Ce num\u00e9ro d&rsquo;urgence est disponible uniquement pour les citoyens italiens qui se trouvent dans la juridiction de ce consulat g\u00e9n\u00e9ral et qui ont besoin d&rsquo;assistance pour des questions graves et urgentes.<\/span><\/span><\/strong><\/p>\n<p><strong><span class=\"jCAhz ChMk0b\"><span class=\"ryNqvb\">Le num\u00e9ro est actif lorsque les bureaux sont ferm\u00e9s.<\/span><\/span><\/strong><\/p>\n<p><strong><span class=\"jCAhz ChMk0b\"><span class=\"ryNqvb\">Laissez cette ligne t\u00e9l\u00e9phonique libre pour ceux qui en ont vraiment besoin !<\/span><\/span><\/strong><\/p>\n<p>&nbsp;<\/p>\n","protected":false},"excerpt":{"rendered":"00234 (0)912 860 5625 Ce num\u00e9ro d&rsquo;urgence est disponible uniquement pour les citoyens italiens qui se trouvent dans la juridiction de ce consulat g\u00e9n\u00e9ral et qui ont besoin d&rsquo;assistance pour des questions graves et urgentes. Le num\u00e9ro est actif lorsque les bureaux sont ferm\u00e9s. Laissez cette ligne t\u00e9l\u00e9phonique libre pour ceux qui en ont vraiment [&hellip;]","protected":false},"author":1,"featured_media":0,"parent":178,"menu_order":10,"comment_status":"closed","ping_status":"closed","template":"","meta":{"footnotes":""},"class_list":["post-188","page","type-page","status-publish","hentry"],"_links":{"self":[{"href":"https:\/\/conslagos.esteri.it\/fr\/wp-json\/wp\/v2\/pages\/188","targetHints":{"allow":["GET"]}}],"collection":[{"href":"https:\/\/conslagos.esteri.it\/fr\/wp-json\/wp\/v2\/pages"}],"about":[{"href":"https:\/\/conslagos.esteri.it\/fr\/wp-json\/wp\/v2\/types\/page"}],"author":[{"embeddable":true,"href":"https:\/\/conslagos.esteri.it\/fr\/wp-json\/wp\/v2\/users\/1"}],"replies":[{"embeddable":true,"href":"https:\/\/conslagos.esteri.it\/fr\/wp-json\/wp\/v2\/comments?post=188"}],"version-history":[{"count":4,"href":"https:\/\/conslagos.esteri.it\/fr\/wp-json\/wp\/v2\/pages\/188\/revisions"}],"predecessor-version":[{"id":2413,"href":"https:\/\/conslagos.esteri.it\/fr\/wp-json\/wp\/v2\/pages\/188\/revisions\/2413"}],"up":[{"embeddable":true,"href":"https:\/\/conslagos.esteri.it\/fr\/wp-json\/wp\/v2\/pages\/178"}],"wp:attachment":[{"href":"https:\/\/conslagos.esteri.it\/fr\/wp-json\/wp\/v2\/media?parent=188"}],"curies":[{"name":"wp","href":"https:\/\/api.w.org\/{rel}","templated":true}]}}